{"id":8537,"date":"2023-09-01T13:49:24","date_gmt":"2023-09-01T11:49:24","guid":{"rendered":"https:\/\/www.madulain.ch\/?page_id=8537"},"modified":"2023-09-01T14:21:45","modified_gmt":"2023-09-01T12:21:45","slug":"disclaimer","status":"publish","type":"page","link":"https:\/\/www.madulain.ch\/it\/haftungsausschluss\/","title":{"rendered":"Disclaimer"},"content":{"rendered":"<div data-elementor-type=\"wp-page\" data-elementor-id=\"8537\" class=\"elementor elementor-8537\" data-elementor-post-type=\"page\">\n\t\t\t\t\t\t<section class=\"elementor-section elementor-top-section elementor-element elementor-element-68e9a267 elementor-section-stretched elementor-section-height-min-height elementor-section-boxed elementor-section-height-default elementor-section-items-middle\" data-id=\"68e9a267\" data-element_type=\"section\" data-e-type=\"section\" data-settings=\"{&quot;stretch_section&quot;:&quot;section-stretched&quot;,&quot;background_background&quot;:&quot;classic&quot;}\">\n\t\t\t\t\t\t\t<div class=\"elementor-background-overlay\"><\/div>\n\t\t\t\t\t\t\t<div class=\"elementor-container elementor-column-gap-default\">\n\t\t\t\t\t<div class=\"elementor-column elementor-col-50 elementor-top-column elementor-element elementor-element-4e0c8919\" data-id=\"4e0c8919\" data-element_type=\"column\" data-e-type=\"column\">\n\t\t\t<div class=\"elementor-widget-wrap\">\n\t\t\t\t\t\t\t<\/div>\n\t\t<\/div>\n\t\t\t\t<div class=\"elementor-column elementor-col-50 elementor-top-column elementor-element elementor-element-e7fec3c\" data-id=\"e7fec3c\" data-element_type=\"column\" data-e-type=\"column\">\n\t\t\t<div class=\"elementor-widget-wrap\">\n\t\t\t\t\t\t\t<\/div>\n\t\t<\/div>\n\t\t\t\t\t<\/div>\n\t\t<\/section>\n\t\t\t\t<section class=\"elementor-section elementor-top-section elementor-element elementor-element-7539f0b7 elementor-section-boxed elementor-section-height-default elementor-section-height-default\" data-id=\"7539f0b7\" data-element_type=\"section\" data-e-type=\"section\">\n\t\t\t\t\t\t<div class=\"elementor-container elementor-column-gap-default\">\n\t\t\t\t\t<div class=\"elementor-column elementor-col-100 elementor-top-column elementor-element elementor-element-401dd5fa\" data-id=\"401dd5fa\" data-element_type=\"column\" data-e-type=\"column\">\n\t\t\t<div class=\"elementor-widget-wrap elementor-element-populated\">\n\t\t\t\t\t\t<div class=\"elementor-element elementor-element-4f36cffd elementor-widget elementor-widget-shortcode\" data-id=\"4f36cffd\" data-element_type=\"widget\" data-e-type=\"widget\" data-widget_type=\"shortcode.default\">\n\t\t\t\t<div class=\"elementor-widget-container\">\n\t\t\t\t\t\t\t<div class=\"elementor-shortcode\">\t\t<div data-elementor-type=\"section\" data-elementor-id=\"774\" class=\"elementor elementor-774\" data-elementor-post-type=\"elementor_library\">\n\t\t\t\t\t<section class=\"elementor-section elementor-top-section elementor-element elementor-element-8cd0bbb elementor-section-stretched elementor-section-boxed elementor-section-height-default elementor-section-height-default\" data-id=\"8cd0bbb\" data-element_type=\"section\" data-e-type=\"section\" data-settings=\"{&quot;stretch_section&quot;:&quot;section-stretched&quot;,&quot;background_background&quot;:&quot;classic&quot;}\">\n\t\t\t\t\t\t<div class=\"elementor-container elementor-column-gap-default\">\n\t\t\t\t\t<div class=\"elementor-column elementor-col-100 elementor-top-column elementor-element elementor-element-7b558fd\" data-id=\"7b558fd\" data-element_type=\"column\" data-e-type=\"column\">\n\t\t\t<div class=\"elementor-widget-wrap elementor-element-populated\">\n\t\t\t\t\t\t<div class=\"elementor-element elementor-element-a6deeaa elementor-widget elementor-widget-breadcrumbs\" data-id=\"a6deeaa\" data-element_type=\"widget\" data-e-type=\"widget\" data-widget_type=\"breadcrumbs.default\">\n\t\t\t\t<div class=\"elementor-widget-container\">\n\t\t\t\t\t<p id=\"breadcrumbs\"><span><span><a href=\"https:\/\/www.madulain.ch\/\">Madulain.<\/a><\/span><\/span><\/p>\t\t\t\t<\/div>\n\t\t\t\t<\/div>\n\t\t\t\t\t<\/div>\n\t\t<\/div>\n\t\t\t\t\t<\/div>\n\t\t<\/section>\n\t\t\t\t<\/div>\n\t\t<\/div>\n\t\t\t\t\t\t<\/div>\n\t\t\t\t<\/div>\n\t\t\t\t\t<\/div>\n\t\t<\/div>\n\t\t\t\t\t<\/div>\n\t\t<\/section>\n\t\t\t\t<section class=\"elementor-section elementor-top-section elementor-element elementor-element-2ebaab4e elementor-section-boxed elementor-section-height-default elementor-section-height-default\" data-id=\"2ebaab4e\" data-element_type=\"section\" data-e-type=\"section\">\n\t\t\t\t\t\t<div class=\"elementor-container elementor-column-gap-no\">\n\t\t\t\t\t<div class=\"elementor-column elementor-col-100 elementor-top-column elementor-element elementor-element-270bef2e\" data-id=\"270bef2e\" data-element_type=\"column\" data-e-type=\"column\">\n\t\t\t<div class=\"elementor-widget-wrap elementor-element-populated\">\n\t\t\t\t\t\t<div class=\"elementor-element elementor-element-9f084d2 elementor-widget elementor-widget-heading\" data-id=\"9f084d2\" data-element_type=\"widget\" data-e-type=\"widget\" data-widget_type=\"heading.default\">\n\t\t\t\t<div class=\"elementor-widget-container\">\n\t\t\t\t\t<h1 class=\"elementor-heading-title elementor-size-default\">Disclaimer<\/h1>\t\t\t\t<\/div>\n\t\t\t\t<\/div>\n\t\t\t\t<div class=\"elementor-element elementor-element-7c63c586 elementor-widget elementor-widget-text-editor\" data-id=\"7c63c586\" data-element_type=\"widget\" data-e-type=\"widget\" data-widget_type=\"text-editor.default\">\n\t\t\t\t<div class=\"elementor-widget-container\">\n\t\t\t\t\t\t\t\t\t<h2><span style=\"font-size: 38px; font-weight: 400; color: var(--ast-global-color-2);\">Informazioni legali importanti<\/span><\/h2><p><span style=\"font-weight: 400;\">Le persone che accedono alle informazioni sul sito web del comune di Madulain accettano le seguenti condizioni e si impegnano a seguire la netiquette:<\/span><\/p><h3><span style=\"font-weight: 400;\">Uso del sito web e copyright<\/span><\/h3><p><span style=\"font-weight: 400;\">L&#039;intero contenuto del sito web \u00e8 protetto da copyright (tutti i diritti riservati). \u00c8 consentito scaricare o stampare singole pagine e sezioni del sito Web, a condizione che non vengano rimossi n\u00e9 gli avvisi di copyright n\u00e9 altre designazioni legalmente protette. Se scarichi software o altri dati dal sito web o li riproduci in altro modo, tutti i diritti di propriet\u00e0 rimangono al comune di Madulain. La riproduzione completa o parziale, la trasmissione (elettronica o con altri mezzi), la modifica, il collegamento o l&#039;uso del sito web per scopi pubblici o commerciali \u00e8 vietata senza il preventivo consenso scritto del comune di Madulain. La propriet\u00e0 del sito web e la legge sui marchi \u00abMadulain Community\u00bb ei loghi corrispondenti sono marchi della comunit\u00e0 Madulain. Nessuna parte del sito web \u00e8 progettata in modo tale da concedere una licenza o un diritto di utilizzare un&#039;immagine, un marchio registrato o un logo.<\/span><\/p><h3><span style=\"font-weight: 400;\">Nessuna offerta<\/span><\/h3><p><span style=\"font-weight: 400;\">Le informazioni e le dichiarazioni pubblicate sul sito web non costituiscono sollecitazione, offerta o raccomandazione ad acquistare o vendere servizi o ad effettuare altre operazioni. Le informazioni sul sito web nel suo complesso sono di natura descrittiva.<\/span><\/p><h3><span style=\"font-weight: 400;\">Nessuna garanzia<\/span><\/h3><p><span style=\"font-weight: 400;\">Sebbene il comune di Madulain prenda ogni cura per garantire che le informazioni sul sito web siano accurate al momento della pubblicazione, n\u00e9 esso n\u00e9 i suoi partner contrattuali rilasciano alcuna dichiarazione o garanzia in merito alla sua correttezza, affidabilit\u00e0 o completezza. Le informazioni e le visualizzazioni pubblicate sul sito web possono essere modificate in qualsiasi momento senza preavviso.<\/span><\/p><h3><span style=\"font-weight: 400;\">Nessuna garanzia<\/span><\/h3><p><span style=\"font-weight: 400;\">Non viene fornita alcuna garanzia, espressa o implicita, per la correttezza delle informazioni e delle opinioni diffuse tramite il sito. Il comune di Madulain non si assume alcuna responsabilit\u00e0 e non garantisce che le funzioni del sito web non verranno interrotte o che saranno prive di errori, che gli errori verranno corretti o che il sito web e il rispettivo server siano privi di virus o componenti dannosi .<\/span><\/p><h3><span style=\"font-weight: 400;\">Esclusione di responsabilit\u00e0<\/span><\/h3><p><span style=\"font-weight: 400;\">Il comune di Madulain non si assume alcuna responsabilit\u00e0 (inclusa la negligenza) per danni o danni consequenziali derivanti dall&#039;accesso o dall&#039;uso degli elementi del sito web (o dall&#039;impossibilit\u00e0 di accedervi o utilizzarli).<\/span><\/p><h3><span style=\"font-weight: 400;\">Collegamenti ad altri siti web<\/span><\/h3><p><span style=\"font-weight: 400;\">Il comune di Madulain non ha verificato i siti Web collegati al sito Web e non \u00e8 responsabile del loro contenuto, dei prodotti, dei servizi o di altre offerte su di essi.<\/span><\/p>\t\t\t\t\t\t\t\t<\/div>\n\t\t\t\t<\/div>\n\t\t\t\t\t<\/div>\n\t\t<\/div>\n\t\t\t\t\t<\/div>\n\t\t<\/section>\n\t\t\t\t<\/div>","protected":false},"excerpt":{"rendered":"\n<p>\t\t\t\t\tMadulain\t\t\t\t<\/p>\n<p>Haftungsausschluss (Disclaimer)<br \/>\nWichtige rechtliche Hinweise<br \/>\nPersonen, die Informationen auf der Website der Gemeinde Madulain abrufen, erkl\u00e4ren sich mit den nachstehenden Bedingungen einverstanden [&#8230;]<\/p>\n","protected":false},"author":2,"featured_media":0,"parent":0,"menu_order":0,"comment_status":"closed","ping_status":"closed","template":"","meta":{"_relevanssi_hide_post":"","_relevanssi_hide_content":"","_relevanssi_pin_for_all":"","_relevanssi_pin_keywords":"","_relevanssi_unpin_keywords":"","_relevanssi_related_keywords":"","_relevanssi_related_include_ids":"","_relevanssi_related_exclude_ids":"","_relevanssi_related_no_append":"","_relevanssi_related_not_related":"","_relevanssi_related_posts":"","_relevanssi_noindex_reason":"","site-sidebar-layout":"no-sidebar","site-content-layout":"","ast-site-content-layout":"full-width-container","site-content-style":"unboxed","site-sidebar-style":"unboxed","ast-global-header-display":"","ast-banner-title-visibility":"","ast-main-header-display":"","ast-hfb-above-header-display":"","ast-hfb-below-header-display":"","ast-hfb-mobile-header-display":"","site-post-title":"","ast-breadcrumbs-content":"","ast-featured-img":"disabled","footer-sml-layout":"","ast-disable-related-posts":"","theme-transparent-header-meta":"","adv-header-id-meta":"","stick-header-meta":"","header-above-stick-meta":"","header-main-stick-meta":"","header-below-stick-meta":"","astra-migrate-meta-layouts":"set","ast-page-background-enabled":"default","ast-page-background-meta":{"desktop":{"background-color":"","background-image":"","background-repeat":"repeat","background-position":"center center","background-size":"auto","background-attachment":"scroll","background-type":"","background-media":"","overlay-type":"","overlay-color":"","overlay-opacity":"","overlay-gradient":""},"tablet":{"background-color":"","background-image":"","background-repeat":"repeat","background-position":"center center","background-size":"auto","background-attachment":"scroll","background-type":"","background-media":"","overlay-type":"","overlay-color":"","overlay-opacity":"","overlay-gradient":""},"mobile":{"background-color":"","background-image":"","background-repeat":"repeat","background-position":"center center","background-size":"auto","background-attachment":"scroll","background-type":"","background-media":"","overlay-type":"","overlay-color":"","overlay-opacity":"","overlay-gradient":""}},"ast-content-background-meta":{"desktop":{"background-color":"var(--ast-global-color-5)","background-image":"","background-repeat":"repeat","background-position":"center center","background-size":"auto","background-attachment":"scroll","background-type":"","background-media":"","overlay-type":"","overlay-color":"","overlay-opacity":"","overlay-gradient":""},"tablet":{"background-color":"var(--ast-global-color-5)","background-image":"","background-repeat":"repeat","background-position":"center center","background-size":"auto","background-attachment":"scroll","background-type":"","background-media":"","overlay-type":"","overlay-color":"","overlay-opacity":"","overlay-gradient":""},"mobile":{"background-color":"var(--ast-global-color-5)","background-image":"","background-repeat":"repeat","background-position":"center center","background-size":"auto","background-attachment":"scroll","background-type":"","background-media":"","overlay-type":"","overlay-color":"","overlay-opacity":"","overlay-gradient":""}},"footnotes":""},"class_list":["post-8537","page","type-page","status-publish","hentry"],"yoast_head":"<!-- This site is optimized with the Yoast SEO plugin v27.3 - https:\/\/yoast.com\/product\/yoast-seo-wordpress\/ -->\n<title>Haftungsausschluss (Disclaimer) - Gemeinde Madulain<\/title>\n<meta name=\"robots\" content=\"index, follow, max-snippet:-1, max-image-preview:large, max-video-preview:-1\" \/>\n<link rel=\"canonical\" href=\"https:\/\/www.madulain.ch\/it\/disclaimer\/\" \/>\n<meta property=\"og:locale\" content=\"it_IT\" \/>\n<meta property=\"og:type\" content=\"article\" \/>\n<meta property=\"og:title\" content=\"Haftungsausschluss (Disclaimer) - Gemeinde Madulain\" \/>\n<meta property=\"og:description\" content=\"Madulain                  Haftungsausschluss (Disclaimer) Wichtige rechtliche Hinweise Personen, die Informationen auf der Website der Gemeinde Madulain abrufen, erkl\u00e4ren sich mit den nachstehenden Bedingungen einverstanden [...]\" \/>\n<meta property=\"og:url\" content=\"https:\/\/www.madulain.ch\/it\/disclaimer\/\" \/>\n<meta property=\"og:site_name\" content=\"Gemeinde Madulain\" \/>\n<meta property=\"article:modified_time\" content=\"2023-09-01T12:21:45+00:00\" \/>\n<meta name=\"twitter:card\" content=\"summary_large_image\" \/>\n<meta name=\"twitter:label1\" content=\"Tempo di lettura stimato\" \/>\n\t<meta name=\"twitter:data1\" content=\"3 minuti\" \/>\n<script type=\"application\/ld+json\" class=\"yoast-schema-graph\">{\"@context\":\"https:\\\/\\\/schema.org\",\"@graph\":[{\"@type\":\"WebPage\",\"@id\":\"https:\\\/\\\/www.madulain.ch\\\/haftungsausschluss\\\/\",\"url\":\"https:\\\/\\\/www.madulain.ch\\\/haftungsausschluss\\\/\",\"name\":\"Haftungsausschluss (Disclaimer) - Gemeinde Madulain\",\"isPartOf\":{\"@id\":\"https:\\\/\\\/www.madulain.ch\\\/#website\"},\"datePublished\":\"2023-09-01T11:49:24+00:00\",\"dateModified\":\"2023-09-01T12:21:45+00:00\",\"breadcrumb\":{\"@id\":\"https:\\\/\\\/www.madulain.ch\\\/haftungsausschluss\\\/#breadcrumb\"},\"inLanguage\":\"it-IT\",\"potentialAction\":[{\"@type\":\"ReadAction\",\"target\":[\"https:\\\/\\\/www.madulain.ch\\\/haftungsausschluss\\\/\"]}]},{\"@type\":\"BreadcrumbList\",\"@id\":\"https:\\\/\\\/www.madulain.ch\\\/haftungsausschluss\\\/#breadcrumb\",\"itemListElement\":[{\"@type\":\"ListItem\",\"position\":1,\"name\":\"Madulain\",\"item\":\"https:\\\/\\\/www.madulain.ch\\\/\"},{\"@type\":\"ListItem\",\"position\":2,\"name\":\"Haftungsausschluss (Disclaimer)\"}]},{\"@type\":\"WebSite\",\"@id\":\"https:\\\/\\\/www.madulain.ch\\\/#website\",\"url\":\"https:\\\/\\\/www.madulain.ch\\\/\",\"name\":\"Gemeinde Madulain\",\"description\":\"Region Maloja, Engadin - St. Moritz\",\"publisher\":{\"@id\":\"https:\\\/\\\/www.madulain.ch\\\/#organization\"},\"potentialAction\":[{\"@type\":\"SearchAction\",\"target\":{\"@type\":\"EntryPoint\",\"urlTemplate\":\"https:\\\/\\\/www.madulain.ch\\\/?s={search_term_string}\"},\"query-input\":{\"@type\":\"PropertyValueSpecification\",\"valueRequired\":true,\"valueName\":\"search_term_string\"}}],\"inLanguage\":\"it-IT\"},{\"@type\":\"Organization\",\"@id\":\"https:\\\/\\\/www.madulain.ch\\\/#organization\",\"name\":\"Gemeinde Madulain\",\"url\":\"https:\\\/\\\/www.madulain.ch\\\/\",\"logo\":{\"@type\":\"ImageObject\",\"inLanguage\":\"it-IT\",\"@id\":\"https:\\\/\\\/www.madulain.ch\\\/#\\\/schema\\\/logo\\\/image\\\/\",\"url\":\"https:\\\/\\\/www.madulain.ch\\\/wp-content\\\/uploads\\\/2019\\\/08\\\/madulain_logo_black.png\",\"contentUrl\":\"https:\\\/\\\/www.madulain.ch\\\/wp-content\\\/uploads\\\/2019\\\/08\\\/madulain_logo_black.png\",\"width\":500,\"height\":129,\"caption\":\"Gemeinde Madulain\"},\"image\":{\"@id\":\"https:\\\/\\\/www.madulain.ch\\\/#\\\/schema\\\/logo\\\/image\\\/\"}}]}<\/script>\n<!-- \/ Yoast SEO plugin. -->","yoast_head_json":{"title":"Disclaimer - Comune di Madulain","robots":{"index":"index","follow":"follow","max-snippet":"max-snippet:-1","max-image-preview":"max-image-preview:large","max-video-preview":"max-video-preview:-1"},"canonical":"https:\/\/www.madulain.ch\/it\/disclaimer\/","og_locale":"it_IT","og_type":"article","og_title":"Haftungsausschluss (Disclaimer) - Gemeinde Madulain","og_description":"Madulain                  Haftungsausschluss (Disclaimer) Wichtige rechtliche Hinweise Personen, die Informationen auf der Website der Gemeinde Madulain abrufen, erkl\u00e4ren sich mit den nachstehenden Bedingungen einverstanden [...]","og_url":"https:\/\/www.madulain.ch\/it\/disclaimer\/","og_site_name":"Gemeinde Madulain","article_modified_time":"2023-09-01T12:21:45+00:00","twitter_card":"summary_large_image","twitter_misc":{"Tempo di lettura stimato":"3 minuti"},"schema":{"@context":"https:\/\/schema.org","@graph":[{"@type":"WebPage","@id":"https:\/\/www.madulain.ch\/haftungsausschluss\/","url":"https:\/\/www.madulain.ch\/haftungsausschluss\/","name":"Disclaimer - Comune di Madulain","isPartOf":{"@id":"https:\/\/www.madulain.ch\/#website"},"datePublished":"2023-09-01T11:49:24+00:00","dateModified":"2023-09-01T12:21:45+00:00","breadcrumb":{"@id":"https:\/\/www.madulain.ch\/haftungsausschluss\/#breadcrumb"},"inLanguage":"it-IT","potentialAction":[{"@type":"ReadAction","target":["https:\/\/www.madulain.ch\/haftungsausschluss\/"]}]},{"@type":"BreadcrumbList","@id":"https:\/\/www.madulain.ch\/haftungsausschluss\/#breadcrumb","itemListElement":[{"@type":"ListItem","position":1,"name":"Madulain","item":"https:\/\/www.madulain.ch\/"},{"@type":"ListItem","position":2,"name":"Haftungsausschluss (Disclaimer)"}]},{"@type":"WebSite","@id":"https:\/\/www.madulain.ch\/#website","url":"https:\/\/www.madulain.ch\/","name":"Comune di Madulain","description":"Regione di Maloja, Engadina - St. Moritz","publisher":{"@id":"https:\/\/www.madulain.ch\/#organization"},"potentialAction":[{"@type":"SearchAction","target":{"@type":"EntryPoint","urlTemplate":"https:\/\/www.madulain.ch\/?s={search_term_string}"},"query-input":{"@type":"PropertyValueSpecification","valueRequired":true,"valueName":"search_term_string"}}],"inLanguage":"it-IT"},{"@type":"Organization","@id":"https:\/\/www.madulain.ch\/#organization","name":"Comune di Madulain","url":"https:\/\/www.madulain.ch\/","logo":{"@type":"ImageObject","inLanguage":"it-IT","@id":"https:\/\/www.madulain.ch\/#\/schema\/logo\/image\/","url":"https:\/\/www.madulain.ch\/wp-content\/uploads\/2019\/08\/madulain_logo_black.png","contentUrl":"https:\/\/www.madulain.ch\/wp-content\/uploads\/2019\/08\/madulain_logo_black.png","width":500,"height":129,"caption":"Gemeinde Madulain"},"image":{"@id":"https:\/\/www.madulain.ch\/#\/schema\/logo\/image\/"}}]}},"_links":{"self":[{"href":"https:\/\/www.madulain.ch\/it\/wp-json\/wp\/v2\/pages\/8537","targetHints":{"allow":["GET"]}}],"collection":[{"href":"https:\/\/www.madulain.ch\/it\/wp-json\/wp\/v2\/pages"}],"about":[{"href":"https:\/\/www.madulain.ch\/it\/wp-json\/wp\/v2\/types\/page"}],"author":[{"embeddable":true,"href":"https:\/\/www.madulain.ch\/it\/wp-json\/wp\/v2\/users\/2"}],"replies":[{"embeddable":true,"href":"https:\/\/www.madulain.ch\/it\/wp-json\/wp\/v2\/comments?post=8537"}],"version-history":[{"count":0,"href":"https:\/\/www.madulain.ch\/it\/wp-json\/wp\/v2\/pages\/8537\/revisions"}],"wp:attachment":[{"href":"https:\/\/www.madulain.ch\/it\/wp-json\/wp\/v2\/media?parent=8537"}],"curies":[{"name":"wp","href":"https:\/\/api.w.org\/{rel}","templated":true}]}}